{"id":2349,"date":"2026-01-19T16:20:30","date_gmt":"2026-01-19T16:20:30","guid":{"rendered":"https:\/\/cmwebsite-wordpress.azurewebsites.net\/contact-us\/"},"modified":"2026-02-06T16:28:50","modified_gmt":"2026-02-06T16:28:50","slug":"contactez-nous","status":"publish","type":"page","link":"https:\/\/clinicmaster.com\/fr\/contactez-nous\/","title":{"rendered":"Contactez-nous"},"content":{"rendered":"\t\t<div data-elementor-type=\"wp-page\" data-elementor-id=\"2349\" class=\"elementor elementor-2349 elementor-162\">\n\t\t\t\t\t\t<section class=\"elementor-section elementor-top-section elementor-element elementor-element-c521ac8 elementor-section-content-top contact_page elementor-section-boxed elementor-section-height-default elementor-section-height-default\" data-id=\"c521ac8\" data-element_type=\"section\" data-e-type=\"section\" data-settings=\"{&quot;background_background&quot;:&quot;classic&quot;}\">\n\t\t\t\t\t\t<div class=\"elementor-container elementor-column-gap-default\">\n\t\t\t\t\t<div class=\"elementor-column elementor-col-33 elementor-top-column elementor-element elementor-element-84aa105\" data-id=\"84aa105\" data-element_type=\"column\" data-e-type=\"column\" data-settings=\"{&quot;background_background&quot;:&quot;classic&quot;}\">\n\t\t\t<div class=\"elementor-widget-wrap elementor-element-populated\">\n\t\t\t\t\t\t<div class=\"elementor-element elementor-element-2d00f1f contact_ph elementor-icon-list--layout-traditional elementor-list-item-link-full_width elementor-widget elementor-widget-icon-list\" data-id=\"2d00f1f\" data-element_type=\"widget\" data-e-type=\"widget\" data-widget_type=\"icon-list.default\">\n\t\t\t\t\t\t\t<ul class=\"elementor-icon-list-items\">\n\t\t\t\t\t\t\t<li class=\"elementor-icon-list-item\">\n\t\t\t\t\t\t\t\t\t\t\t<a href=\"tel:1%20(888)%20682-8674\">\n\n\t\t\t\t\t\t\t\t\t\t\t\t<span class=\"elementor-icon-list-icon\">\n\t\t\t\t\t\t\t<svg aria-hidden=\"true\" class=\"e-font-icon-svg e-fas-phone-square-alt\" viewBox=\"0 0 448 512\" xmlns=\"http:\/\/www.w3.org\/2000\/svg\"><path d=\"M400 32H48A48 48 0 0 0 0 80v352a48 48 0 0 0 48 48h352a48 48 0 0 0 48-48V80a48 48 0 0 0-48-48zm-16.39 307.37l-15 65A15 15 0 0 1 354 416C194 416 64 286.29 64 126a15.7 15.7 0 0 1 11.63-14.61l65-15A18.23 18.23 0 0 1 144 96a16.27 16.27 0 0 1 13.79 9.09l30 70A17.9 17.9 0 0 1 189 181a17 17 0 0 1-5.5 11.61l-37.89 31a231.91 231.91 0 0 0 110.78 110.78l31-37.89A17 17 0 0 1 299 291a17.85 17.85 0 0 1 5.91 1.21l70 30A16.25 16.25 0 0 1 384 336a17.41 17.41 0 0 1-.39 3.37z\"><\/path><\/svg>\t\t\t\t\t\t<\/span>\n\t\t\t\t\t\t\t\t\t\t<span class=\"elementor-icon-list-text\">1 (888) 682-8674<\/span>\n\t\t\t\t\t\t\t\t\t\t\t<\/a>\n\t\t\t\t\t\t\t\t\t<\/li>\n\t\t\t\t\t\t\t\t<li class=\"elementor-icon-list-item\">\n\t\t\t\t\t\t\t\t\t\t\t<a href=\"tel:(450)%20682-8674\">\n\n\t\t\t\t\t\t\t\t\t\t\t\t<span class=\"elementor-icon-list-icon\">\n\t\t\t\t\t\t\t<svg aria-hidden=\"true\" class=\"e-font-icon-svg e-fas-phone-square-alt\" viewBox=\"0 0 448 512\" xmlns=\"http:\/\/www.w3.org\/2000\/svg\"><path d=\"M400 32H48A48 48 0 0 0 0 80v352a48 48 0 0 0 48 48h352a48 48 0 0 0 48-48V80a48 48 0 0 0-48-48zm-16.39 307.37l-15 65A15 15 0 0 1 354 416C194 416 64 286.29 64 126a15.7 15.7 0 0 1 11.63-14.61l65-15A18.23 18.23 0 0 1 144 96a16.27 16.27 0 0 1 13.79 9.09l30 70A17.9 17.9 0 0 1 189 181a17 17 0 0 1-5.5 11.61l-37.89 31a231.91 231.91 0 0 0 110.78 110.78l31-37.89A17 17 0 0 1 299 291a17.85 17.85 0 0 1 5.91 1.21l70 30A16.25 16.25 0 0 1 384 336a17.41 17.41 0 0 1-.39 3.37z\"><\/path><\/svg>\t\t\t\t\t\t<\/span>\n\t\t\t\t\t\t\t\t\t\t<span class=\"elementor-icon-list-text\">(450) 682-8674<\/span>\n\t\t\t\t\t\t\t\t\t\t\t<\/a>\n\t\t\t\t\t\t\t\t\t<\/li>\n\t\t\t\t\t\t<\/ul>\n\t\t\t\t\t\t<\/div>\n\t\t\t\t<div class=\"elementor-element elementor-element-47d5e06 elementor-icon-list--layout-inline con_social elementor-list-item-link-full_width elementor-widget elementor-widget-icon-list\" data-id=\"47d5e06\" data-element_type=\"widget\" data-e-type=\"widget\" data-widget_type=\"icon-list.default\">\n\t\t\t\t\t\t\t<ul class=\"elementor-icon-list-items elementor-inline-items\">\n\t\t\t\t\t\t\t<li class=\"elementor-icon-list-item elementor-inline-item\">\n\t\t\t\t\t\t\t\t\t\t\t<a href=\"https:\/\/www.facebook.com\/ClinicmasterCloud\/\" target=\"_blank\">\n\n\t\t\t\t\t\t\t\t\t\t\t\t<span class=\"elementor-icon-list-icon\">\n\t\t\t\t\t\t\t<svg xmlns=\"http:\/\/www.w3.org\/2000\/svg\" width=\"512\" height=\"510\" viewBox=\"0 0 512 510\" fill=\"none\"><path d=\"M512 256.555C512 115.17 397.385 0.554993 256 0.554993C114.615 0.554993 0 115.17 0 256.555C0 384.332 93.616 490.24 216 509.445V330.555H151V256.555H216V200.155C216 135.995 254.219 100.555 312.695 100.555C340.704 100.555 370 105.555 370 105.555V168.555H337.719C305.918 168.555 296 188.288 296 208.533V256.555H367L355.65 330.555H296V509.445C418.385 490.24 512 384.332 512 256.555Z\" fill=\"white\"><\/path><\/svg>\t\t\t\t\t\t<\/span>\n\t\t\t\t\t\t\t\t\t\t<span class=\"elementor-icon-list-text\"><\/span>\n\t\t\t\t\t\t\t\t\t\t\t<\/a>\n\t\t\t\t\t\t\t\t\t<\/li>\n\t\t\t\t\t\t\t\t<li class=\"elementor-icon-list-item elementor-inline-item\">\n\t\t\t\t\t\t\t\t\t\t\t<a href=\"https:\/\/www.instagram.com\/clinicmastercloud\/\" target=\"_blank\">\n\n\t\t\t\t\t\t\t\t\t\t\t\t<span class=\"elementor-icon-list-icon\">\n\t\t\t\t\t\t\t<svg xmlns=\"http:\/\/www.w3.org\/2000\/svg\" width=\"512\" height=\"512\" viewBox=\"0 0 512 512\" fill=\"none\"><g clip-path=\"url(#clip0_83_2)\"><path d=\"M256 0C397.29 0 512 114.71 512 256C512 397.29 397.29 512 256 512C114.71 512 0 397.29 0 256C0 114.71 114.71 0 256 0ZM256 96C212.547 96 207.098 96.184 190.032 96.963C173.002 97.74 161.371 100.445 151.193 104.4C140.672 108.489 131.749 113.96 122.854 122.855C113.959 131.75 108.488 140.673 104.399 151.194C100.444 161.371 97.74 173.002 96.962 190.032C96.184 207.098 96 212.547 96 256C96 299.453 96.184 304.902 96.962 321.968C97.74 338.998 100.444 350.629 104.399 360.806C108.488 371.327 113.959 380.25 122.854 389.146C131.749 398.041 140.672 403.512 151.193 407.601C161.371 411.555 173.002 414.26 190.032 415.037C207.098 415.816 212.547 416 256 416C299.453 416 304.902 415.816 321.968 415.037C338.998 414.26 350.629 411.555 360.806 407.601C371.327 403.512 380.25 398.041 389.146 389.146C398.041 380.25 403.512 371.327 407.601 360.806C411.555 350.629 414.26 338.998 415.037 321.968C415.816 304.902 416 299.453 416 256C416 212.547 415.816 207.098 415.037 190.032C414.26 173.002 411.555 161.371 407.601 151.194C403.512 140.673 398.041 131.75 389.146 122.855C380.25 113.96 371.327 108.489 360.806 104.4C350.629 100.445 338.998 97.74 321.968 96.963C304.902 96.184 299.453 96 256 96ZM256 124.829C298.722 124.829 303.782 124.992 320.654 125.762C336.254 126.474 344.725 129.08 350.363 131.271C357.832 134.173 363.162 137.641 368.76 143.24C374.36 148.838 377.827 154.169 380.729 161.637C382.92 167.275 385.527 175.746 386.238 191.346C387.008 208.218 387.171 213.278 387.171 256C387.171 298.722 387.008 303.782 386.238 320.654C385.527 336.254 382.92 344.725 380.729 350.363C377.827 357.832 374.36 363.162 368.76 368.76C363.162 374.36 357.832 377.827 350.363 380.729C344.725 382.92 336.254 385.527 320.654 386.238C303.785 387.008 298.725 387.171 256 387.171C213.275 387.171 208.216 387.008 191.346 386.238C175.746 385.527 167.275 382.92 161.637 380.729C154.168 377.827 148.838 374.36 143.239 368.76C137.64 363.162 134.173 357.832 131.271 350.363C129.08 344.725 126.473 336.254 125.761 320.654C124.991 303.782 124.829 298.722 124.829 256C124.829 213.278 124.991 208.218 125.761 191.346C126.473 175.746 129.08 167.275 131.271 161.637C134.173 154.169 137.64 148.838 143.239 143.24C148.838 137.641 154.168 134.173 161.637 131.271C167.275 129.08 175.746 126.474 191.346 125.762C208.218 124.992 213.278 124.829 256 124.829ZM256 173.838C210.623 173.838 173.838 210.623 173.838 256C173.838 301.377 210.623 338.162 256 338.162C301.377 338.162 338.162 301.377 338.162 256C338.162 210.623 301.377 173.838 256 173.838ZM256 309.333C226.545 309.333 202.667 285.455 202.667 256C202.667 226.545 226.545 202.667 256 202.667C285.455 202.667 309.333 226.545 309.333 256C309.333 285.455 285.455 309.333 256 309.333ZM360.609 170.592C360.609 181.196 352.012 189.791 341.408 189.791C330.805 189.791 322.209 181.196 322.209 170.592C322.209 159.988 330.805 151.392 341.408 151.392C352.012 151.392 360.609 159.988 360.609 170.592Z\" fill=\"white\"><\/path><\/g><defs><clipPath id=\"clip0_83_2\"><rect width=\"512\" height=\"512\" fill=\"white\"><\/rect><\/clipPath><\/defs><\/svg>\t\t\t\t\t\t<\/span>\n\t\t\t\t\t\t\t\t\t\t<span class=\"elementor-icon-list-text\"><\/span>\n\t\t\t\t\t\t\t\t\t\t\t<\/a>\n\t\t\t\t\t\t\t\t\t<\/li>\n\t\t\t\t\t\t\t\t<li class=\"elementor-icon-list-item elementor-inline-item\">\n\t\t\t\t\t\t\t\t\t\t\t<a href=\"https:\/\/www.linkedin.com\/company\/clinicmaster\" target=\"_blank\">\n\n\t\t\t\t\t\t\t\t\t\t\t\t<span class=\"elementor-icon-list-icon\">\n\t\t\t\t\t\t\t<svg xmlns=\"http:\/\/www.w3.org\/2000\/svg\" width=\"512\" height=\"512\" viewBox=\"0 0 512 512\" fill=\"none\"><path fill-rule=\"evenodd\" clip-rule=\"evenodd\" d=\"M256 0C397.29 0 512 114.71 512 256C512 397.29 397.29 512 256 512C114.71 512 0 397.29 0 256C0 114.71 114.71 0 256 0ZM175.963 399.871V199.95H109.499V399.871H175.963ZM415.583 399.871V285.225C415.583 223.816 382.796 195.249 339.074 195.249C303.819 195.249 288.027 214.638 279.185 228.256V199.95H212.738C213.619 218.707 212.738 399.871 212.738 399.871H279.184V288.221C279.184 282.245 279.614 276.271 281.375 272C286.17 260.065 297.112 247.701 315.47 247.701C339.504 247.701 349.133 266.041 349.133 292.905V399.871H415.583ZM143.18 103.55C120.44 103.55 105.583 118.5 105.583 138.095C105.583 157.277 119.988 172.639 142.3 172.639H142.729C165.904 172.639 180.329 157.277 180.329 138.095C179.899 118.5 165.905 103.55 143.18 103.55Z\" fill=\"white\"><\/path><\/svg>\t\t\t\t\t\t<\/span>\n\t\t\t\t\t\t\t\t\t\t<span class=\"elementor-icon-list-text\"><\/span>\n\t\t\t\t\t\t\t\t\t\t\t<\/a>\n\t\t\t\t\t\t\t\t\t<\/li>\n\t\t\t\t\t\t<\/ul>\n\t\t\t\t\t\t<\/div>\n\t\t\t\t\t<\/div>\n\t\t<\/div>\n\t\t\t\t<div class=\"elementor-column elementor-col-66 elementor-top-column elementor-element elementor-element-a1d7b53\" data-id=\"a1d7b53\" data-element_type=\"column\" data-e-type=\"column\" data-settings=\"{&quot;background_background&quot;:&quot;classic&quot;}\">\n\t\t\t<div class=\"elementor-widget-wrap elementor-element-populated\">\n\t\t\t\t\t\t<div class=\"elementor-element elementor-element-2f5352a elementor-widget elementor-widget-heading\" data-id=\"2f5352a\" data-element_type=\"widget\" data-e-type=\"widget\" data-widget_type=\"heading.default\">\n\t\t\t\t\t<h1 class=\"elementor-heading-title elementor-size-default\">Contactez-nous<\/h1>\t\t\t\t<\/div>\n\t\t\t\t<div class=\"elementor-element elementor-element-3dfccea elementor-widget elementor-widget-shortcode\" data-id=\"3dfccea\" data-element_type=\"widget\" data-e-type=\"widget\" id=\"contactForm\" data-widget_type=\"shortcode.default\">\n\t\t\t\t\t\t\t<div class=\"elementor-shortcode\">\n<div class=\"wpcf7 no-js\" id=\"wpcf7-f2354-o1\" lang=\"fr-FR\" dir=\"ltr\" data-wpcf7-id=\"2354\">\n<div class=\"screen-reader-response\"><p role=\"status\" aria-live=\"polite\" aria-atomic=\"true\"><\/p> <ul><\/ul><\/div>\n<form action=\"\/fr\/wp-json\/wp\/v2\/pages\/2349#wpcf7-f2354-o1\" method=\"post\" class=\"wpcf7-form init\" aria-label=\"Formulaire de contact\" novalidate=\"novalidate\" data-status=\"init\">\n<fieldset class=\"hidden-fields-container\"><input type=\"hidden\" name=\"_wpcf7\" value=\"2354\" \/><input type=\"hidden\" name=\"_wpcf7_version\" value=\"6.1.5\" \/><input type=\"hidden\" name=\"_wpcf7_locale\" value=\"fr_FR\" \/><input type=\"hidden\" name=\"_wpcf7_unit_tag\" value=\"wpcf7-f2354-o1\" \/><input type=\"hidden\" name=\"_wpcf7_container_post\" value=\"0\" \/><input type=\"hidden\" name=\"_wpcf7_posted_data_hash\" value=\"\" \/><input type=\"hidden\" name=\"_wpcf7_recaptcha_response\" value=\"\" \/>\n<\/fieldset>\n<div class=\"form-group\">\n\t<p><span class=\"wpcf7-form-control-wrap\" data-name=\"text-699\"><input size=\"40\" maxlength=\"400\" class=\"wpcf7-form-control wpcf7-text wpcf7-validates-as-required\" aria-required=\"true\" aria-invalid=\"false\" placeholder=\"Nom complet\" value=\"\" type=\"text\" name=\"text-699\" \/><\/span>\n\t<\/p>\n<\/div>\n<div class=\"form-group\">\n\t<p><span class=\"wpcf7-form-control-wrap\" data-name=\"text-856\"><input size=\"40\" maxlength=\"400\" class=\"wpcf7-form-control wpcf7-text\" aria-invalid=\"false\" placeholder=\"Organisation\" value=\"\" type=\"text\" name=\"text-856\" \/><\/span>\n\t<\/p>\n<\/div>\n<div class=\"form-group\">\n\t<p><span class=\"wpcf7-form-control-wrap\" data-name=\"email-176\"><input size=\"40\" maxlength=\"400\" class=\"wpcf7-form-control wpcf7-email wpcf7-validates-as-required wpcf7-text wpcf7-validates-as-email\" aria-required=\"true\" aria-invalid=\"false\" placeholder=\"Adresse e-mail\" value=\"\" type=\"email\" name=\"email-176\" \/><\/span>\n\t<\/p>\n<\/div>\n<div class=\"form-group\">\n\t<p><span class=\"wpcf7-form-control-wrap\" data-name=\"tel-587\"><input size=\"40\" maxlength=\"400\" class=\"wpcf7-form-control wpcf7-tel wpcf7-text wpcf7-validates-as-tel\" aria-invalid=\"false\" placeholder=\"Num\u00e9ro de t\u00e9l\u00e9phone\" value=\"\" type=\"tel\" name=\"tel-587\" \/><\/span>\n\t<\/p>\n<\/div>\n<div class=\"form-group\">\n\t<p><span class=\"wpcf7-form-control-wrap\" data-name=\"textarea-655\"><textarea cols=\"40\" rows=\"10\" maxlength=\"2000\" class=\"wpcf7-form-control wpcf7-textarea wpcf7-validates-as-required\" aria-required=\"true\" aria-invalid=\"false\" placeholder=\"Commentaires \/ Questions\" name=\"textarea-655\"><\/textarea><\/span>\n\t<\/p>\n<\/div>\n<div class=\"form-check\">\n\t<p><span class=\"wpcf7-form-control-wrap\" data-name=\"checkbox-366\"><span class=\"wpcf7-form-control wpcf7-checkbox wpcf7-validates-as-required\"><span class=\"wpcf7-list-item first last\"><label><input type=\"checkbox\" name=\"checkbox-366[]\" value=\"J\u2019autorise Clinicmaster \u00e0 me contacter\" \/><span class=\"wpcf7-list-item-label\">J\u2019autorise Clinicmaster \u00e0 me contacter<\/span><\/label><\/span><\/span><\/span>\n\t<\/p>\n<\/div>\n<span class=\"wpcf7-form-control-wrap recaptcha\" data-name=\"recaptcha\"><span data-sitekey=\"6LchC34sAAAAACdJCQx8Pl1450ODXr16R5IbpXVb\" class=\"wpcf7-form-control wpcf7-recaptcha g-recaptcha\"><\/span>\r\n<noscript>\r\n\t<div class=\"grecaptcha-noscript\">\r\n\t\t<iframe src=\"https:\/\/www.google.com\/recaptcha\/api\/fallback?k=6LchC34sAAAAACdJCQx8Pl1450ODXr16R5IbpXVb\" frameborder=\"0\" scrolling=\"no\" width=\"310\" height=\"430\">\r\n\t\t<\/iframe>\r\n\t\t<textarea name=\"g-recaptcha-response\" rows=\"3\" cols=\"40\" placeholder=\"reCaptcha Response Here\">\r\n\t\t<\/textarea>\r\n\t<\/div>\r\n<\/noscript>\r\n<\/span>\n<p><input class=\"wpcf7-form-control wpcf7-submit has-spinner\" type=\"submit\" value=\"Contactez-nous\" \/>\n<\/p><div class=\"wpcf7-response-output\" aria-hidden=\"true\"><\/div>\n<\/form>\n<\/div>\n<\/div>\n\t\t\t\t\t\t<\/div>\n\t\t\t\t\t<\/div>\n\t\t<\/div>\n\t\t\t\t\t<\/div>\n\t\t<\/section>\n\t\t\t\t<\/div>\n\t\t","protected":false},"excerpt":{"rendered":"<p>1 (888) 682-8674 (450) 682-8674 Contactez-nous<\/p>\n","protected":false},"author":1,"featured_media":0,"parent":0,"menu_order":0,"comment_status":"closed","ping_status":"closed","template":"elementor_header_footer","meta":{"footnotes":""},"class_list":["post-2349","page","type-page","status-publish","hentry"],"aioseo_notices":[],"_links":{"self":[{"href":"https:\/\/clinicmaster.com\/fr\/wp-json\/wp\/v2\/pages\/2349","targetHints":{"allow":["GET"]}}],"collection":[{"href":"https:\/\/clinicmaster.com\/fr\/wp-json\/wp\/v2\/pages"}],"about":[{"href":"https:\/\/clinicmaster.com\/fr\/wp-json\/wp\/v2\/types\/page"}],"author":[{"embeddable":true,"href":"https:\/\/clinicmaster.com\/fr\/wp-json\/wp\/v2\/users\/1"}],"replies":[{"embeddable":true,"href":"https:\/\/clinicmaster.com\/fr\/wp-json\/wp\/v2\/comments?post=2349"}],"version-history":[{"count":4,"href":"https:\/\/clinicmaster.com\/fr\/wp-json\/wp\/v2\/pages\/2349\/revisions"}],"predecessor-version":[{"id":2353,"href":"https:\/\/clinicmaster.com\/fr\/wp-json\/wp\/v2\/pages\/2349\/revisions\/2353"}],"wp:attachment":[{"href":"https:\/\/clinicmaster.com\/fr\/wp-json\/wp\/v2\/media?parent=2349"}],"curies":[{"name":"wp","href":"https:\/\/api.w.org\/{rel}","templated":true}]}}